{"id":39,"date":"2022-01-30T15:15:27","date_gmt":"2022-01-30T15:15:27","guid":{"rendered":"https:\/\/faubourgdesgazelles.com\/?page_id=39"},"modified":"2022-02-01T13:45:33","modified_gmt":"2022-02-01T13:45:33","slug":"accueil","status":"publish","type":"page","link":"https:\/\/faubourgdesgazelles.com\/","title":{"rendered":"Accueil"},"content":{"rendered":"\t\t<div data-elementor-type=\"wp-page\" data-elementor-id=\"39\" class=\"elementor elementor-39\">\n\t\t\t\t\t\t<section class=\"elementor-section elementor-top-section elementor-element elementor-element-26da3bb elementor-section-boxed elementor-section-height-default elementor-section-height-default\" data-id=\"26da3bb\" data-element_type=\"section\">\n\t\t\t\t\t\t<div class=\"elementor-container elementor-column-gap-default\">\n\t\t\t\t\t<div class=\"elementor-column elementor-col-100 elementor-top-column elementor-element elementor-element-45b3699e\" data-id=\"45b3699e\" data-element_type=\"column\">\n\t\t\t<div class=\"elementor-widget-wrap elementor-element-populated\">\n\t\t\t\t\t\t<div class=\"elementor-element elementor-element-53b98fe4 elementor-widget elementor-widget-text-editor\" data-id=\"53b98fe4\" data-element_type=\"widget\" data-widget_type=\"text-editor.default\">\n\t\t\t\t<div class=\"elementor-widget-container\">\n\t\t\t\t\t\t\t\t\t\n<p>La cr\u00e9ation des luminaires du Faubourg des Gazelles s\u2019inspire de la nature tant par leur design que par leur mati\u00e8re. Ces luminaires en fibres naturelles au style \u00e9pur\u00e9 sont crochet\u00e9s main par mes soins, ce qui en fait donc des pi\u00e8ces uniques.<\/p>\n\t\t\t\t\t\t\t\t<\/div>\n\t\t\t\t<\/div>\n\t\t\t\t\t<\/div>\n\t\t<\/div>\n\t\t\t\t\t<\/div>\n\t\t<\/section>\n\t\t\t\t<section class=\"elementor-section elementor-top-section elementor-element elementor-element-fd9a500 elementor-section-stretched elementor-section-boxed elementor-section-height-default elementor-section-height-default\" data-id=\"fd9a500\" data-element_type=\"section\" data-settings=\"{&quot;stretch_section&quot;:&quot;section-stretched&quot;,&quot;background_background&quot;:&quot;classic&quot;}\">\n\t\t\t\t\t\t<div class=\"elementor-container elementor-column-gap-default\">\n\t\t\t\t\t<div class=\"elementor-column elementor-col-25 elementor-top-column elementor-element elementor-element-63fe602\" data-id=\"63fe602\" data-element_type=\"column\">\n\t\t\t<div class=\"elementor-widget-wrap elementor-element-populated\">\n\t\t\t\t\t\t<div class=\"elementor-element elementor-element-2d2fff3d envato-kit-138-bracket elementor-widget elementor-widget-heading\" data-id=\"2d2fff3d\" data-element_type=\"widget\" data-widget_type=\"heading.default\">\n\t\t\t\t<div class=\"elementor-widget-container\">\n\t\t\t\t\t<h3 class=\"elementor-heading-title elementor-size-default\">A propos<\/h3>\t\t\t\t<\/div>\n\t\t\t\t<\/div>\n\t\t\t\t<div class=\"elementor-element elementor-element-5f552c37 elementor-widget elementor-widget-text-editor\" data-id=\"5f552c37\" data-element_type=\"widget\" data-widget_type=\"text-editor.default\">\n\t\t\t\t<div class=\"elementor-widget-container\">\n\t\t\t\t\t\t\t\t\t<p>Cr\u00e9ation de luminaires artisanaux by Corinne Jauzy.<\/p>\t\t\t\t\t\t\t\t<\/div>\n\t\t\t\t<\/div>\n\t\t\t\t\t<\/div>\n\t\t<\/div>\n\t\t\t\t<div class=\"elementor-column elementor-col-50 elementor-top-column elementor-element elementor-element-51c1a19\" data-id=\"51c1a19\" data-element_type=\"column\">\n\t\t\t<div class=\"elementor-widget-wrap elementor-element-populated\">\n\t\t\t\t\t\t<div class=\"elementor-element elementor-element-570b9b11 envato-kit-138-bracket elementor-widget elementor-widget-heading\" data-id=\"570b9b11\" data-element_type=\"widget\" data-widget_type=\"heading.default\">\n\t\t\t\t<div class=\"elementor-widget-container\">\n\t\t\t\t\t<h3 class=\"elementor-heading-title elementor-size-default\">Pages<\/h3>\t\t\t\t<\/div>\n\t\t\t\t<\/div>\n\t\t\t\t<div class=\"elementor-element elementor-element-add6c7e elementor-mobile-align-left elementor-icon-list--layout-traditional elementor-list-item-link-full_width elementor-widget elementor-widget-icon-list\" data-id=\"add6c7e\" data-element_type=\"widget\" data-widget_type=\"icon-list.default\">\n\t\t\t\t<div class=\"elementor-widget-container\">\n\t\t\t\t\t\t\t<ul class=\"elementor-icon-list-items\">\n\t\t\t\t\t\t\t<li class=\"elementor-icon-list-item\">\n\t\t\t\t\t\t\t\t\t\t\t<a href=\"https:\/\/faubourgdesgazelles.com\">\n\n\t\t\t\t\t\t\t\t\t\t\t\t<span class=\"elementor-icon-list-icon\">\n\t\t\t\t\t\t\t<i aria-hidden=\"true\" class=\"fas fa-angle-right\"><\/i>\t\t\t\t\t\t<\/span>\n\t\t\t\t\t\t\t\t\t\t<span class=\"elementor-icon-list-text\">Accueil<\/span>\n\t\t\t\t\t\t\t\t\t\t\t<\/a>\n\t\t\t\t\t\t\t\t\t<\/li>\n\t\t\t\t\t\t\t\t<li class=\"elementor-icon-list-item\">\n\t\t\t\t\t\t\t\t\t\t\t<a href=\"https:\/\/faubourgdesgazelles.com\/?page_id=40\">\n\n\t\t\t\t\t\t\t\t\t\t\t\t<span class=\"elementor-icon-list-icon\">\n\t\t\t\t\t\t\t<i aria-hidden=\"true\" class=\"fas fa-angle-right\"><\/i>\t\t\t\t\t\t<\/span>\n\t\t\t\t\t\t\t\t\t\t<span class=\"elementor-icon-list-text\">A propos de la marque<\/span>\n\t\t\t\t\t\t\t\t\t\t\t<\/a>\n\t\t\t\t\t\t\t\t\t<\/li>\n\t\t\t\t\t\t\t\t<li class=\"elementor-icon-list-item\">\n\t\t\t\t\t\t\t\t\t\t\t<a href=\"https:\/\/faubourgdesgazelles.com\/?page_id=42\">\n\n\t\t\t\t\t\t\t\t\t\t\t\t<span class=\"elementor-icon-list-icon\">\n\t\t\t\t\t\t\t<i aria-hidden=\"true\" class=\"fas fa-angle-right\"><\/i>\t\t\t\t\t\t<\/span>\n\t\t\t\t\t\t\t\t\t\t<span class=\"elementor-icon-list-text\">Luminaires<\/span>\n\t\t\t\t\t\t\t\t\t\t\t<\/a>\n\t\t\t\t\t\t\t\t\t<\/li>\n\t\t\t\t\t\t\t\t<li class=\"elementor-icon-list-item\">\n\t\t\t\t\t\t\t\t\t\t\t<a href=\"https:\/\/faubourgdesgazelles.com\/?page_id=41\">\n\n\t\t\t\t\t\t\t\t\t\t\t\t<span class=\"elementor-icon-list-icon\">\n\t\t\t\t\t\t\t<i aria-hidden=\"true\" class=\"fas fa-angle-right\"><\/i>\t\t\t\t\t\t<\/span>\n\t\t\t\t\t\t\t\t\t\t<span class=\"elementor-icon-list-text\">Contact<\/span>\n\t\t\t\t\t\t\t\t\t\t\t<\/a>\n\t\t\t\t\t\t\t\t\t<\/li>\n\t\t\t\t\t\t<\/ul>\n\t\t\t\t\t\t<\/div>\n\t\t\t\t<\/div>\n\t\t\t\t\t<\/div>\n\t\t<\/div>\n\t\t\t\t<div class=\"elementor-column elementor-col-25 elementor-top-column elementor-element elementor-element-d297b5c\" data-id=\"d297b5c\" data-element_type=\"column\">\n\t\t\t<div class=\"elementor-widget-wrap elementor-element-populated\">\n\t\t\t\t\t\t<div class=\"elementor-element elementor-element-0b9d36a envato-kit-138-bracket elementor-widget elementor-widget-heading\" data-id=\"0b9d36a\" data-element_type=\"widget\" data-widget_type=\"heading.default\">\n\t\t\t\t<div class=\"elementor-widget-container\">\n\t\t\t\t\t<h3 class=\"elementor-heading-title elementor-size-default\">R\u00e9seaux sociaux<\/h3>\t\t\t\t<\/div>\n\t\t\t\t<\/div>\n\t\t\t\t<div class=\"elementor-element elementor-element-5948827d elementor-shape-square e-grid-align-mobile-center e-grid-align-tablet-left elementor-grid-0 e-grid-align-center elementor-widget elementor-widget-social-icons\" data-id=\"5948827d\" data-element_type=\"widget\" data-widget_type=\"social-icons.default\">\n\t\t\t\t<div class=\"elementor-widget-container\">\n\t\t\t\t\t\t\t<div class=\"elementor-social-icons-wrapper elementor-grid\" role=\"list\">\n\t\t\t\t\t\t\t<span class=\"elementor-grid-item\" role=\"listitem\">\n\t\t\t\t\t<a class=\"elementor-icon elementor-social-icon elementor-social-icon-facebook-f elementor-repeater-item-421c6ef\" href=\"https:\/\/fr-fr.facebook.com\/lefaubourgdesgazelles\/\" target=\"_blank\">\n\t\t\t\t\t\t<span class=\"elementor-screen-only\">Facebook-f<\/span>\n\t\t\t\t\t\t<i aria-hidden=\"true\" class=\"fab fa-facebook-f\"><\/i>\t\t\t\t\t<\/a>\n\t\t\t\t<\/span>\n\t\t\t\t\t\t\t<span class=\"elementor-grid-item\" role=\"listitem\">\n\t\t\t\t\t<a class=\"elementor-icon elementor-social-icon elementor-social-icon-instagram elementor-repeater-item-5dea297\" href=\"https:\/\/www.instagram.com\/faubourgdesgazelles\/\" target=\"_blank\">\n\t\t\t\t\t\t<span class=\"elementor-screen-only\">Instagram<\/span>\n\t\t\t\t\t\t<i aria-hidden=\"true\" class=\"fab fa-instagram\"><\/i>\t\t\t\t\t<\/a>\n\t\t\t\t<\/span>\n\t\t\t\t\t<\/div>\n\t\t\t\t\t\t<\/div>\n\t\t\t\t<\/div>\n\t\t\t\t\t<\/div>\n\t\t<\/div>\n\t\t\t\t\t<\/div>\n\t\t<\/section>\n\t\t\t\t<\/div>\n\t\t","protected":false},"excerpt":{"rendered":"<p>La cr\u00e9ation des luminaires du Faubourg des Gazelles s\u2019inspire de la nature tant par leur design que par leur mati\u00e8re. Ces luminaires en fibres naturelles au style \u00e9pur\u00e9 sont crochet\u00e9s main par mes soins, ce qui en fait donc des pi\u00e8ces uniques. A propos Cr\u00e9ation de luminaires artisanaux by Corinne Jauzy. Pages Accueil A propos &hellip; <\/p>\n<p class=\"link-more\"><a href=\"https:\/\/faubourgdesgazelles.com\/\" class=\"more-link\">Lire la suite de<span class=\"screen-reader-text\">\u00ab\u00a0Accueil\u00a0\u00bb<\/span><\/a><\/p>\n","protected":false},"author":2,"featured_media":0,"parent":0,"menu_order":0,"comment_status":"closed","ping_status":"closed","template":"","meta":{"footnotes":""},"class_list":["post-39","page","type-page","status-publish","hentry"],"yoast_head":"<!-- This site is optimized with the Yoast SEO plugin v25.9 - https:\/\/yoast.com\/wordpress\/plugins\/seo\/ -->\n<title>Accueil - Faubourg des Gazelles<\/title>\n<meta name=\"description\" content=\"La cr\u00e9ation des luminaires du Faubourg des Gazelles s\u2019inspire de la nature tant par leur design que par leur mati\u00e8re. Ces luminaires en fibres naturelles au style \u00e9pur\u00e9 sont crochet\u00e9s main par mes soins, ce qui en fait donc des pi\u00e8ces uniques.\" \/>\n<meta name=\"robots\" content=\"index, follow, max-snippet:-1, max-image-preview:large, max-video-preview:-1\" \/>\n<link rel=\"canonical\" href=\"https:\/\/faubourgdesgazelles.com\/\" \/>\n<meta property=\"og:locale\" content=\"fr_FR\" \/>\n<meta property=\"og:type\" content=\"article\" \/>\n<meta property=\"og:title\" content=\"Accueil - Faubourg des Gazelles\" \/>\n<meta property=\"og:description\" content=\"La cr\u00e9ation des luminaires du Faubourg des Gazelles s\u2019inspire de la nature tant par leur design que par leur mati\u00e8re. Ces luminaires en fibres naturelles au style \u00e9pur\u00e9 sont crochet\u00e9s main par mes soins, ce qui en fait donc des pi\u00e8ces uniques.\" \/>\n<meta property=\"og:url\" content=\"https:\/\/faubourgdesgazelles.com\/\" \/>\n<meta property=\"og:site_name\" content=\"Faubourg des Gazelles\" \/>\n<meta property=\"article:modified_time\" content=\"2022-02-01T13:45:33+00:00\" \/>\n<meta name=\"twitter:card\" content=\"summary_large_image\" \/>\n<meta name=\"twitter:label1\" content=\"Dur\u00e9e de lecture estim\u00e9e\" \/>\n\t<meta name=\"twitter:data1\" content=\"1 minute\" \/>\n<script type=\"application\/ld+json\" class=\"yoast-schema-graph\">{\"@context\":\"https:\/\/schema.org\",\"@graph\":[{\"@type\":\"WebPage\",\"@id\":\"https:\/\/faubourgdesgazelles.com\/\",\"url\":\"https:\/\/faubourgdesgazelles.com\/\",\"name\":\"Accueil - Faubourg des Gazelles\",\"isPartOf\":{\"@id\":\"https:\/\/faubourgdesgazelles.com\/#website\"},\"datePublished\":\"2022-01-30T15:15:27+00:00\",\"dateModified\":\"2022-02-01T13:45:33+00:00\",\"description\":\"La cr\u00e9ation des luminaires du Faubourg des Gazelles s\u2019inspire de la nature tant par leur design que par leur mati\u00e8re. Ces luminaires en fibres naturelles au style \u00e9pur\u00e9 sont crochet\u00e9s main par mes soins, ce qui en fait donc des pi\u00e8ces uniques.\",\"breadcrumb\":{\"@id\":\"https:\/\/faubourgdesgazelles.com\/#breadcrumb\"},\"inLanguage\":\"fr-FR\",\"potentialAction\":[{\"@type\":\"ReadAction\",\"target\":[\"https:\/\/faubourgdesgazelles.com\/\"]}]},{\"@type\":\"BreadcrumbList\",\"@id\":\"https:\/\/faubourgdesgazelles.com\/#breadcrumb\",\"itemListElement\":[{\"@type\":\"ListItem\",\"position\":1,\"name\":\"Accueil\",\"item\":\"https:\/\/faubourgdesgazelles.com\/\"},{\"@type\":\"ListItem\",\"position\":2,\"name\":\"Accueil\"}]},{\"@type\":\"WebSite\",\"@id\":\"https:\/\/faubourgdesgazelles.com\/#website\",\"url\":\"https:\/\/faubourgdesgazelles.com\/\",\"name\":\"Faubourg des Gazelles\",\"description\":\"Cr\u00e9ations artisanales\",\"potentialAction\":[{\"@type\":\"SearchAction\",\"target\":{\"@type\":\"EntryPoint\",\"urlTemplate\":\"https:\/\/faubourgdesgazelles.com\/?s={search_term_string}\"},\"query-input\":{\"@type\":\"PropertyValueSpecification\",\"valueRequired\":true,\"valueName\":\"search_term_string\"}}],\"inLanguage\":\"fr-FR\"}]}<\/script>\n<!-- \/ Yoast SEO plugin. -->","yoast_head_json":{"title":"Accueil - Faubourg des Gazelles","description":"La cr\u00e9ation des luminaires du Faubourg des Gazelles s\u2019inspire de la nature tant par leur design que par leur mati\u00e8re. Ces luminaires en fibres naturelles au style \u00e9pur\u00e9 sont crochet\u00e9s main par mes soins, ce qui en fait donc des pi\u00e8ces uniques.","robots":{"index":"index","follow":"follow","max-snippet":"max-snippet:-1","max-image-preview":"max-image-preview:large","max-video-preview":"max-video-preview:-1"},"canonical":"https:\/\/faubourgdesgazelles.com\/","og_locale":"fr_FR","og_type":"article","og_title":"Accueil - Faubourg des Gazelles","og_description":"La cr\u00e9ation des luminaires du Faubourg des Gazelles s\u2019inspire de la nature tant par leur design que par leur mati\u00e8re. Ces luminaires en fibres naturelles au style \u00e9pur\u00e9 sont crochet\u00e9s main par mes soins, ce qui en fait donc des pi\u00e8ces uniques.","og_url":"https:\/\/faubourgdesgazelles.com\/","og_site_name":"Faubourg des Gazelles","article_modified_time":"2022-02-01T13:45:33+00:00","twitter_card":"summary_large_image","twitter_misc":{"Dur\u00e9e de lecture estim\u00e9e":"1 minute"},"schema":{"@context":"https:\/\/schema.org","@graph":[{"@type":"WebPage","@id":"https:\/\/faubourgdesgazelles.com\/","url":"https:\/\/faubourgdesgazelles.com\/","name":"Accueil - Faubourg des Gazelles","isPartOf":{"@id":"https:\/\/faubourgdesgazelles.com\/#website"},"datePublished":"2022-01-30T15:15:27+00:00","dateModified":"2022-02-01T13:45:33+00:00","description":"La cr\u00e9ation des luminaires du Faubourg des Gazelles s\u2019inspire de la nature tant par leur design que par leur mati\u00e8re. Ces luminaires en fibres naturelles au style \u00e9pur\u00e9 sont crochet\u00e9s main par mes soins, ce qui en fait donc des pi\u00e8ces uniques.","breadcrumb":{"@id":"https:\/\/faubourgdesgazelles.com\/#breadcrumb"},"inLanguage":"fr-FR","potentialAction":[{"@type":"ReadAction","target":["https:\/\/faubourgdesgazelles.com\/"]}]},{"@type":"BreadcrumbList","@id":"https:\/\/faubourgdesgazelles.com\/#breadcrumb","itemListElement":[{"@type":"ListItem","position":1,"name":"Accueil","item":"https:\/\/faubourgdesgazelles.com\/"},{"@type":"ListItem","position":2,"name":"Accueil"}]},{"@type":"WebSite","@id":"https:\/\/faubourgdesgazelles.com\/#website","url":"https:\/\/faubourgdesgazelles.com\/","name":"Faubourg des Gazelles","description":"Cr\u00e9ations artisanales","potentialAction":[{"@type":"SearchAction","target":{"@type":"EntryPoint","urlTemplate":"https:\/\/faubourgdesgazelles.com\/?s={search_term_string}"},"query-input":{"@type":"PropertyValueSpecification","valueRequired":true,"valueName":"search_term_string"}}],"inLanguage":"fr-FR"}]}},"_links":{"self":[{"href":"https:\/\/faubourgdesgazelles.com\/index.php?rest_route=\/wp\/v2\/pages\/39","targetHints":{"allow":["GET"]}}],"collection":[{"href":"https:\/\/faubourgdesgazelles.com\/index.php?rest_route=\/wp\/v2\/pages"}],"about":[{"href":"https:\/\/faubourgdesgazelles.com\/index.php?rest_route=\/wp\/v2\/types\/page"}],"author":[{"embeddable":true,"href":"https:\/\/faubourgdesgazelles.com\/index.php?rest_route=\/wp\/v2\/users\/2"}],"replies":[{"embeddable":true,"href":"https:\/\/faubourgdesgazelles.com\/index.php?rest_route=%2Fwp%2Fv2%2Fcomments&post=39"}],"version-history":[{"count":53,"href":"https:\/\/faubourgdesgazelles.com\/index.php?rest_route=\/wp\/v2\/pages\/39\/revisions"}],"predecessor-version":[{"id":541,"href":"https:\/\/faubourgdesgazelles.com\/index.php?rest_route=\/wp\/v2\/pages\/39\/revisions\/541"}],"wp:attachment":[{"href":"https:\/\/faubourgdesgazelles.com\/index.php?rest_route=%2Fwp%2Fv2%2Fmedia&parent=39"}],"curies":[{"name":"wp","href":"https:\/\/api.w.org\/{rel}","templated":true}]}}